{"id":14586,"date":"2024-11-01T21:20:15","date_gmt":"2024-11-01T21:20:15","guid":{"rendered":"https:\/\/afapac.org\/reembolso_devoluciones\/"},"modified":"2024-11-04T21:37:27","modified_gmt":"2024-11-04T21:37:27","slug":"notes-legals","status":"publish","type":"page","link":"https:\/\/afapac.org\/ca\/notes-legals\/","title":{"rendered":"Notes Legals"},"content":{"rendered":"<h1 style=\"text-align: justify;\">Notes Legals<\/h1>\n<p>&nbsp;<\/p>\n<p style=\"text-align: justify;\">Amb la finalitat de donar compliment a l&#8217;article 10 de la Llei 34\/2002 de Serveis de la Societat de la Informaci\u00f3 i del Comer\u00e7 Electr\u00f2nic, informem els usuaris de les nostres dades:<\/p>\n<p style=\"text-align: justify;\"><strong>Denominaci\u00f3 Social:<\/strong> ASOCIACI\u00d3N DE FAMILIARES Y AFECTADOS DE PATOLOG\u00cdAS DE CRECIMIENTO \u2013 AFAPAC <\/p>\n<p style=\"text-align: justify;\"><strong>Domicili Social:<\/strong> Hotel d\u2019Entitats de Gr\u00e0cia C\/ Provid\u00e8ncia 42, despatx 1.3 \u00b7 08024 Barcelona<\/p>\n<p style=\"text-align: justify;\"><strong>CIF:<\/strong> G62014220<\/p>\n<p style=\"text-align: justify;\"><strong>Tel\u00e8fon:<\/strong> +34 615 696 100<\/p>\n<p style=\"text-align: justify;\"><strong>E-mail: <\/strong>info@afapac.org<\/p>\n<p style=\"text-align: justify;\"><strong>Lloc web:<\/strong> <a href=\"https:\/\/afapac.org\" target=\"_blank\" rel=\"noopener\">https:\/\/afapac.org<\/a><\/p>\n<h3 style=\"text-align: justify;\">1.- Objecte<\/h3>\n<p style=\"text-align: justify;\">ASOCIACI\u00d3N DE FAMILIARES Y AFECTADOS DE PATOLOG\u00cdAS DE CRECIMIENTO \u2013 AFAPAC\u00a0 (d&#8217;ara endavant tamb\u00e9 AFAPAC com el prestador) com a responsable del lloc web, posa a la disposici\u00f3 dels usuaris el present document, que regula l&#8217;\u00fas del lloc web \u00a0<a href=\"https:\/\/afapac.org\" target=\"_blank\" rel=\"noopener\">https:\/\/afapac.org<\/a>, amb el qual pretenem donar compliment a les obligacions que disposa la Llei 34\/2002, de Serveis de la Societat de la Informaci\u00f3 i del Comer\u00e7 Electr\u00f2nic (LSSICE o LSSI), aix\u00ed com informar a tots els usuaris del lloc web respecte de quines s\u00f3n les condicions d&#8217;\u00fas del lloc web.<\/p>\n<p style=\"text-align: justify;\">A trav\u00e9s de la Web, AFAPAC. facilita als usuaris l&#8217;acc\u00e9s i utilitzaci\u00f3 de diferents serveis i continguts posats a disposici\u00f3 a trav\u00e9s del web.<\/p>\n<p style=\"text-align: justify;\">Tota persona que accedeixi a aquesta web assumeix el paper d&#8217;usuari (d&#8217;ara endavant l&#8217;usuari), i implica l&#8217;acceptaci\u00f3 total i sense reserves de totes i cadascuna de les disposicions incloses en aquest av\u00eds legal, aix\u00ed com a qualssevol altres disposicions legals que fossin aplicable.<\/p>\n<p style=\"text-align: justify;\">Com a usuaris, han de llegir atentament aquest Av\u00eds Legal en qualsevol de les ocasions que entrin a la web, perqu\u00e8 aquesta pot patir modificacions, ja que el prestador es reserva el dret a modificar qualsevol classe d&#8217;informaci\u00f3 que pogu\u00e9s apar\u00e8ixer en la web, sense que existeixi l&#8217;obligaci\u00f3 de preavisar o posar en coneixement dels usuaris aquestes obligacions, sent suficients la publicaci\u00f3 en el lloc web del prestador.<\/p>\n<h3 style=\"text-align: justify;\">2.- Condicions d&#8217;acc\u00e9s i \u00fas de la web<\/h3>\n<p style=\"text-align: justify;\">2.1. Car\u00e0cter gratu\u00eft de l&#8217;acc\u00e9s i \u00fas de la web.<\/p>\n<p style=\"text-align: justify;\">La prestaci\u00f3 dels serveis per part d&#8217;AFAPAC t\u00e9 car\u00e0cter gratu\u00eft per a tots els Usuaris.<\/p>\n<p style=\"text-align: justify;\">2.2. Registre d&#8217;Usuari.<\/p>\n<p style=\"text-align: justify;\">Amb car\u00e0cter general la prestaci\u00f3 dels Serveis no exigeix la pr\u00e8via subscripci\u00f3 o registre dels Usuaris. Aix\u00ed i tot, AFAPAC condiciona l&#8217;\u00fas d&#8217;alguns dels serveis a la pr\u00e8via complementaci\u00f3 del corresponent registre d&#8217;Usuari. Aquest registre s&#8217;efectuar\u00e0 en la forma expressament indicada en la mateixa secci\u00f3 del servei.<\/p>\n<p style=\"text-align: justify;\">2.3. Veracitat de la informaci\u00f3.<\/p>\n<p style=\"text-align: justify;\">Tota la informaci\u00f3 que facilita l&#8217;Usuari ha de ser vera\u00e7. A aquest efecte, l&#8217;Usuari garanteix l&#8217;autenticitat de les dades comunicades a trav\u00e9s dels formularis per a la subscripci\u00f3 dels Serveis. Ser\u00e0 responsabilitat de l&#8217;Usuari mantenir tota la informaci\u00f3 facilitada a AFAPAC permanentment actualitzada de manera que respongui, a cada moment, a la seva situaci\u00f3 real. En tot cas, l&#8217;Usuari ser\u00e0 l&#8217;\u00fanic responsable de les manifestacions falses o inexactes que realitzi i dels perjudicis que causi al prestador o a tercers.<\/p>\n<p style=\"text-align: justify;\">2.4. Menors d&#8217;edat.<\/p>\n<p style=\"text-align: justify;\">Per a l&#8217;\u00fas dels serveis, els menors d&#8217;edat han d&#8217;obtenir sempre pr\u00e8viament el consentiment dels pares, tutors o representants legals, responsables \u00faltims de tots els actes realitzats pels menors a c\u00e0rrec seu. La responsabilitat en la determinaci\u00f3 de continguts concrets als quals accedeixen els menors correspon a aquells, \u00e9s per aix\u00f2 que si accedeixen a continguts no apropiats per Internet, s&#8217;hauran d&#8217;establir en els seus ordinadors mecanismes, en particular programes inform\u00e0tics, filtres i bloquejos, que permetin limitar els continguts disponibles i, a pesar que no siguin infal\u00b7libles, s\u00f3n d&#8217;especial utilitat per a controlar i restringir els materials als quals poden accedir els menors.<\/p>\n<p style=\"text-align: justify;\">2.5. Obligaci\u00f3 de fer un \u00fas correcte de la Web.<\/p>\n<p style=\"text-align: justify;\">L&#8217;Usuari es compromet a utilitzar la Web de conformitat a la Llei i al present Av\u00eds Legal, aix\u00ed com a la moral i els bons costums. A aquest efecte, l&#8217;Usuari s&#8217;abstindr\u00e0 d&#8217;utilitzar la p\u00e0gina amb finalitats il\u00b7l\u00edcites o prohibides, lesives de drets i interessos de tercers, o que de qualsevol forma puguin danyar, inutilitzar, sobrecarregar, deteriorar o impedir la normal utilitzaci\u00f3 d&#8217;equips inform\u00e0tics o documents, arxius i tota classe de continguts emmagatzemats en qualsevol equip inform\u00e0tic del prestador.<\/p>\n<p style=\"text-align: justify;\">En particular, i a t\u00edtol indicatiu, per\u00f2 no exhaustiu, l&#8217;Usuari es compromet a no transmetre, difondre o posar a la disposici\u00f3 de tercers informacions, dades, continguts, missatges, gr\u00e0fics, dibuixos, arxius de so o imatge, fotografies, enregistraments, programari i, en general, qualsevol classe de material que:<\/p>\n<p style=\"text-align: justify;\">(a) Sigui contr\u00e0ria, menyspre\u00ef o atempti contra els drets fonamentals i les llibertats p\u00fabliques reconegudes constitucionalment, en tractats internacionals i altres normes vigents;<\/p>\n<p style=\"text-align: justify;\">(b) Indueixi, inciti o promogui actuacions delictives, denigrants, difamat\u00f2ries, violentes o, en general, contr\u00e0ries a la llei, a la moral i a l&#8217;ordre p\u00fablic;<\/p>\n<p style=\"text-align: justify;\">(c) Indueixi, inciti o promogui actuacions, actituds o pensaments discriminatoris per ra\u00f3 de sexe, ra\u00e7a, religi\u00f3, creences, edat o condici\u00f3;<\/p>\n<p style=\"text-align: justify;\">(d) Sigui contrari al dret a l&#8217;honor, a la intimitat personal o familiar o a la mateixa imatge de les persones;<\/p>\n<p style=\"text-align: justify;\">(e) De qualsevol manera perjudiqui la credibilitat del prestador o de tercers; i<\/p>\n<p style=\"text-align: justify;\">(f) Constitueixi publicitat il\u00b7l\u00edcita, enganyosa o deslleial.<\/p>\n<h3 style=\"text-align: justify;\">3.- Exclusi\u00f3 de garanties i responsabilitat<\/h3>\n<p style=\"text-align: justify;\">El prestador s&#8217;eximeix de qualsevol classe de responsabilitat derivada de la informaci\u00f3 publicada en el nostre lloc web, sempre que aquesta informaci\u00f3 hagi estat manipulada o introdu\u00efda per un tercer ali\u00e8.<\/p>\n<p style=\"text-align: justify;\">Aquesta web ha estat revisada i provada perqu\u00e8 funcioni correctament. En principi, es pot garantir el correcte funcionament els 365 dies de l&#8217;any, 24 hores al dia. No obstant aix\u00f2, el prestador no descarta la possibilitat que existeixin determinats errors de programaci\u00f3, o que succeeixin causes de for\u00e7a major, cat\u00e0strofes naturals, vagues, o circumst\u00e0ncies semblants que facin impossible l&#8217;acc\u00e9s a la p\u00e0gina web.<\/p>\n<p style=\"text-align: justify;\">AFAPAC no atorga cap garantia ni es fa responsable, en cap cas, dels danys i perjudicis de qualsevol naturalesa que puguin sortir a col\u00b7laci\u00f3 de la falta de disponibilitat, manteniment i efectiu funcionament de la web o dels seus serveis i continguts; de l&#8217;exist\u00e8ncia de virus, programes maliciosos o lesius en els continguts; de l&#8217;\u00fas il\u00b7l\u00edcit, negligent, fraudulent o contrari a aquest Av\u00eds Legal i condicions d&#8217;\u00fas; o de La falta de licitud, qualitat, fiabilitat, utilitat i disponibilitat dels serveis prestats per tercers i posats a la disposici\u00f3 dels usuaris en el lloc web.<\/p>\n<p style=\"text-align: justify;\">El prestador no es fa responsable en cap concepte dels danys que puguin dimanar de l&#8217;\u00fas il\u00b7legal o indegut de la present p\u00e0gina web.<\/p>\n<h3 style=\"text-align: justify;\">4.- Cookies<\/h3>\n<p style=\"text-align: justify;\">El lloc web del prestador pot utilitzar cookies (petits arxius d&#8217;informaci\u00f3 que el servidor envia a l&#8217;ordinador de qui accedeix en la p\u00e0gina) per a dur a terme determinades funcions que s\u00f3n considerades imprescindibles per al correcte funcionament i visualitzaci\u00f3 del lloc. Les cookies utilitzades tenen, en tot cas, car\u00e0cter temporal, amb l&#8217;\u00fanica finalitat de fer m\u00e9s efica\u00e7 la navegaci\u00f3, i desapareixen en acabar la sessi\u00f3 de l&#8217;usuari.<\/p>\n<p style=\"text-align: justify;\">En cap cas s&#8217;utilitzaran les cookies per a recollir informaci\u00f3 de car\u00e0cter personal.<\/p>\n<p style=\"text-align: justify;\">Per a m\u00e9s informaci\u00f3, veure la nostra <a href=\"https:\/\/afapac.org\/ca\/politica-de-cookies\/\" target=\"_blank\" rel=\"noopener\">Pol\u00edtica de Cookies<\/a>.<\/p>\n<h3 style=\"text-align: justify;\">5.- Enlla\u00e7os (Links)<\/h3>\n<p style=\"text-align: justify;\">Des del lloc web \u00e9s possible que es redirigeixi a continguts de terceres webs. At\u00e8s que des del web no podem controlar sempre els continguts introdu\u00efts pels tercers, AFAPAC\u00a0 no assumeix cap mena de responsabilitat respecte a aquests continguts. En tot cas, el prestador manifesta que procedir\u00e0 a la retirada immediata de qualsevol contingut que pogu\u00e9s contravenir la legislaci\u00f3 nacional o internacional, la moral o l&#8217;ordre p\u00fablic, procedint a la retirada immediata de la redirecci\u00f3 a aquestes webs, posant en coneixement de les autoritats competents el contingut en q\u00fcesti\u00f3.<\/p>\n<p style=\"text-align: justify;\">El prestador no es responsabilitza de la informaci\u00f3 i continguts emmagatzemats, a t\u00edtol enunciatiu, per\u00f2 no limitant, en f\u00f2rums, xats, generadors de blogs, comentaris, xarxes socials o qualsevol altre mitj\u00e0 que permet a tercers publicar continguts de manera independent a la p\u00e0gina web del prestador. No obstant aix\u00f2, i en compliment del que disposa l&#8217;art. 11 i 16 de la LSSICE, el prestador es posa a la disposici\u00f3 de tots els usuaris, autoritats i forces de seguretat, i col\u00b7laborant de manera activa en la retirada o, quan sigui necessari, el bloqueig de tots aquells continguts que puguin afectar o contravenir la legislaci\u00f3 nacional, o internacional, drets de tercers o la moral i l&#8217;ordre p\u00fablic. En cas que l&#8217;usuari consideri que pot existir algun contingut que pogu\u00e9s ser susceptible d&#8217;aquesta classificaci\u00f3, es prega que el notifiqui de manera immediata a l&#8217;administrador del lloc web.<\/p>\n<h3 style=\"text-align: justify;\">6.- Protecci\u00f3 de dades personals<\/h3>\n<p style=\"text-align: justify;\">El prestador est\u00e0 profundament comprom\u00e8s amb el compliment de la normativa de protecci\u00f3 de dades personals i garanteix el compliment \u00edntegre de les obligacions disposades, aix\u00ed com la implementaci\u00f3 de les mesures de seguretat disposades al Reglament Europeu de Protecci\u00f3 de dades i la normativa espanyola de protecci\u00f3 de dades. Per a m\u00e9s informaci\u00f3, veure la nostra Pol\u00edtica de Cookies.<\/p>\n<h3 style=\"text-align: justify;\">7.- Xarxes socials<\/h3>\n<p style=\"text-align: justify;\">L&#8217;informem que AFAPAC pot ser present en xarxes socials. El tractament de les dades que els usuaris incloguin en les mateixes [fent-se seguidors del prestador en les xarxes socials (i\/o realitzant qualsevol vincle o acci\u00f3 de connexi\u00f3 a trav\u00e9s d&#8217;aquestes)] es regir\u00e0 per aquest apartat, aix\u00ed com per les condicions d&#8217;\u00fas, pol\u00edtiques de privacitat i normatives d&#8217;acc\u00e9s i \u00fas de les xarxes socials en q\u00fcesti\u00f3 i acceptades pr\u00e8viament per l&#8217;usuari. AFAPAC tractar\u00e0 les seves dades amb la finalitat d&#8217;informar-lo de les activitats, productes o serveis del prestador a trav\u00e9s d&#8217;aquestes xarxes socials, aix\u00ed com per a qualsevol altra finalitat que les normatives de les Xarxes Socials permetin, per\u00f2 no es far\u00e0 responsable de les seves pol\u00edtiques de privacitat.<\/p>\n<p style=\"text-align: justify;\">Queda prohibida la publicaci\u00f3 de continguts:<\/p>\n<ul style=\"text-align: justify;\">\n<li>Que siguin presumptament il\u00b7l\u00edcits per la normativa nacional, comunit\u00e0ria o internacional o que executin activitats presumptament il\u00b7l\u00edcites o contravinguin els principis de la bona fe.<\/li>\n<li>Que atemptin contra els drets fonamentals de les persones, faltin a la cortesia en la xarxa, molestin o puguin generar opinions negatives en els nostres usuaris o tercers i en general qualssevol siguin els continguts que AFAPAC consideri no apropiats.<\/li>\n<li>I en general que contravinguin els principis de legalitat, honradesa, responsabilitat, protecci\u00f3 de la dignitat humana, protecci\u00f3 de menors, protecci\u00f3 de l&#8217;ordre p\u00fablic, la protecci\u00f3 de la vida privada, la protecci\u00f3 del consumidor i els drets de propietat intel\u00b7lectual i industrial.<\/li>\n<\/ul>\n<p style=\"text-align: justify;\">Aix\u00ed mateix, AFAPA es reserva la potestat de retirar, sense previ av\u00eds del lloc web o de la xarxa social corporativa aquells continguts que es considerin no apropiats.<\/p>\n<h3 style=\"text-align: justify;\">8.- Propietat intel\u00b7lectual i industrial<\/h3>\n<p style=\"text-align: justify;\">El lloc web, incloent-hi a t\u00edtol enunciatiu, per\u00f2 no limitatiu la programaci\u00f3, edici\u00f3, compilaci\u00f3 i altres elements necessaris per al seu funcionament, els dissenys, logotips, textos, fotografies i\/o gr\u00e0fics s\u00f3n propietat del prestador o, en cas que fos necessari, disposa de la llic\u00e8ncia o autoritzaci\u00f3 expressa per part dels autors. Tots els continguts del lloc web es troben degudament protegits per la normativa de propietat intel\u00b7lectual i industrial.<\/p>\n<p style=\"text-align: justify;\">Independentment de la finalitat per la qual fossin destinats, la reproducci\u00f3 total o parcial, \u00fas, distribuci\u00f3 i comunicaci\u00f3 p\u00fablica requereixen l&#8217;autoritzaci\u00f3 escrita pr\u00e8via per part del prestador. Qualsevol \u00fas no autoritzat pr\u00e8viament per part del prestador ser\u00e0 considerat un incompliment greu dels drets de propietat intel\u00b7lectual o industrial de l&#8217;autor.<\/p>\n<p style=\"text-align: justify;\">Els dissenys, logotips, textos i\/o gr\u00e0fics aliens al prestador i que puguin apar\u00e8ixer en el lloc web, pertanyen als seus respectius propietaris, sent ells mateixos els responsables de qualsevol possible controv\u00e8rsia que pogu\u00e9s esdevenir respecte a aquests. En tot cas, el prestador compta amb l&#8217;autoritzaci\u00f3 expressa i pr\u00e8via per part d&#8217;aquests.<\/p>\n<p style=\"text-align: justify;\">El prestador reconeix a favor dels seus titulars els corresponents drets de propietat industrial i intel\u00b7lectual, no implicant l&#8217;esment o aparici\u00f3 en el lloc web, de l&#8217;exist\u00e8ncia de drets o cap responsabilitat del prestador sobre aquests, com tampoc suport, patrocini o recomanaci\u00f3 per part d&#8217;aquest.<\/p>\n<p style=\"text-align: justify;\">Per a realitzar qualsevol mena d&#8217;observaci\u00f3 respecte a possibles incompliments dels drets de propietat intel\u00b7lectual o industrial, aix\u00ed com sobre qualsevol dels continguts del lloc web, pot fer-lo a trav\u00e9s del correu electr\u00f2nic a dalt ressenyat.<\/p>\n<h3 style=\"text-align: justify;\">9.- Llei aplicable i jurisdicci\u00f3<\/h3>\n<p style=\"text-align: justify;\">Per a la resoluci\u00f3 de les controv\u00e8rsies o q\u00fcestions relacionades amb la present p\u00e0gina web o de les activitats desenvolupades en aquesta web, ser\u00e0 aplicable la legislaci\u00f3 espanyola, a la qual se sotmeten expressament les parts, sent competents per la resoluci\u00f3 de tots els conflictes derivats o relacionats amb el seu \u00fas els Jutjats i Tribunals de Barcelona.<\/p>\n","protected":false},"excerpt":{"rendered":"<p>Notes Legals &nbsp; Amb la finalitat de donar compliment a l&#8217;article 10 de la Llei 34\/2002 de Serveis de la Societat de la Informaci\u00f3 i del Comer\u00e7 Electr\u00f2nic, informem els&hellip;<\/p>\n","protected":false},"author":1,"featured_media":0,"parent":0,"menu_order":0,"comment_status":"closed","ping_status":"closed","template":"","meta":{"footnotes":""},"class_list":["post-14586","page","type-page","status-publish","hentry","description-off"],"_links":{"self":[{"href":"https:\/\/afapac.org\/ca\/wp-json\/wp\/v2\/pages\/14586","targetHints":{"allow":["GET"]}}],"collection":[{"href":"https:\/\/afapac.org\/ca\/wp-json\/wp\/v2\/pages"}],"about":[{"href":"https:\/\/afapac.org\/ca\/wp-json\/wp\/v2\/types\/page"}],"author":[{"embeddable":true,"href":"https:\/\/afapac.org\/ca\/wp-json\/wp\/v2\/users\/1"}],"replies":[{"embeddable":true,"href":"https:\/\/afapac.org\/ca\/wp-json\/wp\/v2\/comments?post=14586"}],"version-history":[{"count":5,"href":"https:\/\/afapac.org\/ca\/wp-json\/wp\/v2\/pages\/14586\/revisions"}],"predecessor-version":[{"id":14850,"href":"https:\/\/afapac.org\/ca\/wp-json\/wp\/v2\/pages\/14586\/revisions\/14850"}],"wp:attachment":[{"href":"https:\/\/afapac.org\/ca\/wp-json\/wp\/v2\/media?parent=14586"}],"curies":[{"name":"wp","href":"https:\/\/api.w.org\/{rel}","templated":true}]}}