{"id":14582,"date":"2019-01-28T15:35:12","date_gmt":"2019-01-28T15:35:12","guid":{"rendered":"https:\/\/afapac.org\/politica-de-privacidad\/"},"modified":"2024-11-04T21:36:52","modified_gmt":"2024-11-04T21:36:52","slug":"politica-de-privacitat","status":"publish","type":"page","link":"https:\/\/afapac.org\/ca\/politica-de-privacitat\/","title":{"rendered":"Pol\u00edtica de Privacitat"},"content":{"rendered":"<h1>Pol\u00edtica de Privacitat<\/h1>\n<p>&nbsp;<\/p>\n<table>\n<tbody>\n<tr>\n<td width=\"30%\">RESPONSABLE<br \/>\nDEL<br \/>\nTRACTAMENT<\/td>\n<td width=\"70%\">Ra\u00f3 social: <strong>ASOCIACI\u00d3N DE FAMILIARES Y AFECTADOS DE PATOLOG\u00cdAS DE CRECIMIENTO \u2013 AFAPAC <\/strong><br \/>\nd&#8217;ara endavant: <strong>Responsable del Tratament<\/strong><br \/>\nCIF:<strong> G62014220<\/strong><br \/>\nAdre\u00e7a: <strong>Hotel d\u2019Entitats de Gr\u00e0cia C\/ Provid\u00e8ncia 42, despatx 1.3 \u00b7 08024 Barcelona <\/strong><br \/>\nMail: <a href=\"mailto:info@afapac.org\">info@afapac.org<\/a><\/td>\n<\/tr>\n<tr>\n<td width=\"30%\">FINALITAT<\/td>\n<td width=\"70%\">\n<p style=\"text-align: justify;\">El RESPONSABLE informa els usuaris del lloc web sobre la seva pol\u00edtica respecte del tractament i protecci\u00f3 de les dades de car\u00e0cter personal dels usuaris i clients que puguin ser recaptats per la navegaci\u00f3 o contractaci\u00f3 de serveis a trav\u00e9s del seu lloc web. En aquest sentit, el RESPONSABLE garanteix el compliment de la normativa vigent en mat\u00e8ria de protecci\u00f3 de dades personals, reflectida en el RGPD 2016\/679 i la LOPD GDD 03\/2018. L&#8217;\u00fas d&#8217;aquesta web implica l&#8217;acceptaci\u00f3 d&#8217;aquesta pol\u00edtica de privacitat.<\/p>\n<p style=\"text-align: justify;\">El RESPONSABLE t\u00e9 el deure d&#8217;informar els usuaris del seu lloc web sobre la recollida de dades de car\u00e0cter personal que poden dur-se a terme i del tractament que dels mateixos vaja a realitzar-se.<\/p>\n<p style=\"text-align: justify;\">Mitjan\u00e7ant l&#8217;enviament de correu electr\u00f2nic o recollida de dades a trav\u00e9s de formularis amb finalitats de registre, subscripci\u00f3, blog, aix\u00ed com a nivell estrictament informatiu.<\/p>\n<p style=\"text-align: justify;\">En aquest sentit, el RESPONSABLE de la Web ser\u00e0 considerat com a responsable del tractament de les dades recaptades mitjan\u00e7ant els mitjans anteriorment descrits. Al seu torn, el RESPONSABLE informa els usuaris que la finalitat del tractament de les dades recaptades contempla:<\/p>\n<p style=\"text-align: justify;\">L&#8217;atenci\u00f3 de sol\u00b7licituds dutes a terme pels usuaris,<\/p>\n<p style=\"text-align: justify;\">La inclusi\u00f3 en l&#8217;agenda de contactes,<\/p>\n<p style=\"text-align: justify;\">La prestaci\u00f3 de serveis i gesti\u00f3 de la relaci\u00f3 comercial.<\/p>\n<p style=\"text-align: justify;\">Les operacions, gestions i procediments t\u00e8cnics que es duguin a terme de manera automatitzada o no automatitzada i que possibilitin la recollida, l&#8217;emmagatzematge, la modificaci\u00f3, la transfer\u00e8ncia i altres accions sobre dades de car\u00e0cter personal, tenen la consideraci\u00f3 de tractament de dades personals.<\/p>\n<p style=\"text-align: justify;\">Totes les dades personals, que siguin recollits a trav\u00e9s del lloc web del RESPONSABLE i, per tant, tingui la consideraci\u00f3 de tractament de dades de car\u00e0cter personal, seran incorporats al Registre de Tractaments titularitat del RESPONSABLE.<\/p>\n<\/td>\n<\/tr>\n<tr>\n<td width=\"30%\">LEGITIMACI\u00d3<\/td>\n<td style=\"text-align: justify;\" width=\"70%\">Se sol\u00b7licita el consentiment de l&#8217;interessat per al tractament de les seves dades i l&#8217;oferta prospectiva de productes i serveis.<\/td>\n<\/tr>\n<tr>\n<td width=\"30%\">DESTINATARIS<\/td>\n<td style=\"text-align: justify;\" width=\"70%\">Les dades personals no se cediran a tercers sense el consentiment de l&#8217;interessat excepte obligaci\u00f3 legal.<\/td>\n<\/tr>\n<tr>\n<td width=\"30%\">DRETS<\/td>\n<td width=\"70%\">\n<p style=\"text-align: justify;\">Conforme al RGPD UE 2016\/679 i LOPD GDD 3\/2018<\/p>\n<p style=\"text-align: justify;\">Les persones interessades poden exercir davant el RESPONSABLE els seg\u00fcents drets:<\/p>\n<p style=\"text-align: justify;\">Dret <strong>d&#8217;Acc\u00e9s<\/strong>: permet a l&#8217;interessat con\u00e8ixer i obtenir informaci\u00f3 sobre les seves dades de car\u00e0cter personal sotm\u00e8s a tractament<\/p>\n<p style=\"text-align: justify;\">Dret de <strong>Rectificaci\u00f3<\/strong>: permet corregir errors, modificar les dades que resultin ser inexactes o incomplets i garantir la certesa de la informaci\u00f3 objecte del tractament<\/p>\n<p style=\"text-align: justify;\">Dret de <strong>Supressi\u00f3<\/strong>: permet sol\u00b7licitar l&#8217;eliminaci\u00f3 de les dades objecte de tractament quan ja no siguin necessaris.<\/p>\n<p style=\"text-align: justify;\">Dret <strong>d&#8217;Oposici\u00f3<\/strong>: dret de l&#8217;interessat al fet que no es dugui a terme el tractament de les seves dades de car\u00e0cter personal o se cessi en aquest, excepte motius leg\u00edtims o per a l&#8217;exercici o defensa de possibles reclamacions, i en aquest cas els mantindrem bloquejats durant el termini corresponent mentre persisteixin les obligacions legals.<\/p>\n<p style=\"text-align: justify;\">Dret de <strong>Limitaci\u00f3<\/strong>: en determinades circumst\u00e0ncies, els interessats podran sol\u00b7licitar la limitaci\u00f3 del tractament de les seves dades, i en aquest cas \u00fanicament es conservaran per a l&#8217;exercici i defensa de reclamacions.<\/p>\n<p style=\"text-align: justify;\">Dret de <strong>Portabilitat de les dade<\/strong>s: les persones interessades poden sol\u00b7licitar rebre les dades que li incumbeixin i que hagi facilitat al Responsable o que , sempre que t\u00e8cnicament sigui possible, els hi enviem a un altre Responsable de tractament de la seva elecci\u00f3 en un format estructurat d&#8217;\u00fas com\u00fa i lectura mec\u00e0nica.<\/p>\n<p style=\"text-align: justify;\">Dret a <strong>Revocar <\/strong>el consentiment prestat inicialment i a <strong>Reclamar <\/strong>davant l&#8217;Autoritat de Control. <a href=\"http:\/\/www.aepd.es\" target=\"_blank\" rel=\"noopener\">www.aepd.es<\/a><\/p>\n<p style=\"text-align: justify;\">Per a exercir els seus drets haur\u00e0 de posar-se en contacte amb el Responsable en l&#8217;adre\u00e7a que apareix en el primer requadre, acompanyat de c\u00f2pia document d&#8217;identitat de l&#8217;interessat.<\/p>\n<p style=\"text-align: justify;\">Mail: <a href=\"mailto:info@afapac.org\">info@afapac.org<\/a><\/p>\n<\/td>\n<\/tr>\n<\/tbody>\n<\/table>\n","protected":false},"excerpt":{"rendered":"<p>Pol\u00edtica de Privacitat &nbsp; RESPONSABLE DEL TRACTAMENT Ra\u00f3 social: ASOCIACI\u00d3N DE FAMILIARES Y AFECTADOS DE PATOLOG\u00cdAS DE CRECIMIENTO \u2013 AFAPAC d&#8217;ara endavant: Responsable del Tratament CIF: G62014220 Adre\u00e7a: Hotel d\u2019Entitats&hellip;<\/p>\n","protected":false},"author":1,"featured_media":0,"parent":0,"menu_order":0,"comment_status":"closed","ping_status":"closed","template":"","meta":{"footnotes":""},"class_list":["post-14582","page","type-page","status-publish","hentry","description-off"],"_links":{"self":[{"href":"https:\/\/afapac.org\/ca\/wp-json\/wp\/v2\/pages\/14582","targetHints":{"allow":["GET"]}}],"collection":[{"href":"https:\/\/afapac.org\/ca\/wp-json\/wp\/v2\/pages"}],"about":[{"href":"https:\/\/afapac.org\/ca\/wp-json\/wp\/v2\/types\/page"}],"author":[{"embeddable":true,"href":"https:\/\/afapac.org\/ca\/wp-json\/wp\/v2\/users\/1"}],"replies":[{"embeddable":true,"href":"https:\/\/afapac.org\/ca\/wp-json\/wp\/v2\/comments?post=14582"}],"version-history":[{"count":4,"href":"https:\/\/afapac.org\/ca\/wp-json\/wp\/v2\/pages\/14582\/revisions"}],"predecessor-version":[{"id":14849,"href":"https:\/\/afapac.org\/ca\/wp-json\/wp\/v2\/pages\/14582\/revisions\/14849"}],"wp:attachment":[{"href":"https:\/\/afapac.org\/ca\/wp-json\/wp\/v2\/media?parent=14582"}],"curies":[{"name":"wp","href":"https:\/\/api.w.org\/{rel}","templated":true}]}}