{"id":14537,"date":"2019-01-30T11:31:40","date_gmt":"2019-01-30T11:31:40","guid":{"rendered":"https:\/\/afapac.org\/donaciones\/"},"modified":"2024-11-05T17:43:42","modified_gmt":"2024-11-05T17:43:42","slug":"donacions","status":"publish","type":"page","link":"https:\/\/afapac.org\/ca\/donacions\/","title":{"rendered":"Donacions"},"content":{"rendered":"<p>Actualment, AFAPAC est\u00e0 treballant en diversos projectes, per\u00f2 el m\u00e9s significatiu i amb una major necessitat de finan\u00e7ament \u00e9s el <strong>projecte de normalitzaci\u00f3 de les diferents displ\u00e0sies \u00f2ssies<\/strong>. L&#8217;objectiu del projecte \u00e9s normalitzar, conscienciar i difondre informaci\u00f3 sobre les displ\u00e0sies \u00f2ssies. A m\u00e9s, pret\u00e9n desvincular les connotacions de burla que l&#8217;han perseguit durant molt de temps i acostar les diferents displ\u00e0sies a la gent perqu\u00e8 les coneguin i reconeguin com una discapacitat, amb respecte.<br \/><br \/>Estem treballant en una proposta que presenta tres nivells d&#8217;intervenci\u00f3: els afectats, les fam\u00edlies i la societat, sent permeables els tres nivells uns amb altres. <br \/><br \/>Aquest projecte est\u00e0 dividit en tres accions, i pot desenvolupar-se de manera individualitzada o acumulativa. Les tres accions deixen un substrat fotogr\u00e0fic que permetr\u00e0 difondre, des de diversos escenaris, la quotidianitat dels afectats per diferents patologies de creixement.<br \/><br \/><strong>Acci\u00f3 1: De sensibilitzaci\u00f3 cap a tota la societat. <\/strong>Proposta d&#8217;intervenci\u00f3 pl\u00e0stica i visual de gran format en un espai urb\u00e0 o natural, preferiblement a la ciutat de Barcelona. <strong><br \/><br \/><strong>Acci\u00f3 2: De sensibilitzaci\u00f3 cap als familiars. <\/strong><\/strong>Reportatge fotogr\u00e0fic de persones amb patologies de creixement que gaudeixen d&#8217;un reconeixement i\/o estatus que els permet projectar la seva vida amb aparent normalitat.<strong><strong><br \/><br \/><strong>Acci\u00f3 3: De reconeixement i sensibilitzaci\u00f3 amb els afectats i des dels afectats. <\/strong><\/strong><\/strong>Projecte de documental fotogr\u00e0fic i\/o videogr\u00e0fic protagonitzat pels mateixos afectats, que a trav\u00e9s de la seva mirada ens expliqui la seva quotidianitat, sense confondre la quotidianitat amb la intimitat.<br \/><br \/>Us animem a ajudar-nos a fer-ho possible. Gr\u00e0cies!<br \/><br \/>Amb l&#8217;ajuda de tots aconseguirem un m\u00f3n millor.<\/p>","protected":false},"excerpt":{"rendered":"<p>Actualment, AFAPAC est\u00e0 treballant en diversos projectes, per\u00f2 el m\u00e9s significatiu i amb una major necessitat de finan\u00e7ament \u00e9s el projecte de normalitzaci\u00f3 de les diferents displ\u00e0sies \u00f2ssies. L&#8217;objectiu del&hellip;<\/p>\n","protected":false},"author":1,"featured_media":0,"parent":0,"menu_order":0,"comment_status":"closed","ping_status":"closed","template":"","meta":{"footnotes":""},"class_list":["post-14537","page","type-page","status-publish","hentry","description-off"],"_links":{"self":[{"href":"https:\/\/afapac.org\/ca\/wp-json\/wp\/v2\/pages\/14537","targetHints":{"allow":["GET"]}}],"collection":[{"href":"https:\/\/afapac.org\/ca\/wp-json\/wp\/v2\/pages"}],"about":[{"href":"https:\/\/afapac.org\/ca\/wp-json\/wp\/v2\/types\/page"}],"author":[{"embeddable":true,"href":"https:\/\/afapac.org\/ca\/wp-json\/wp\/v2\/users\/1"}],"replies":[{"embeddable":true,"href":"https:\/\/afapac.org\/ca\/wp-json\/wp\/v2\/comments?post=14537"}],"version-history":[{"count":9,"href":"https:\/\/afapac.org\/ca\/wp-json\/wp\/v2\/pages\/14537\/revisions"}],"predecessor-version":[{"id":14886,"href":"https:\/\/afapac.org\/ca\/wp-json\/wp\/v2\/pages\/14537\/revisions\/14886"}],"wp:attachment":[{"href":"https:\/\/afapac.org\/ca\/wp-json\/wp\/v2\/media?parent=14537"}],"curies":[{"name":"wp","href":"https:\/\/api.w.org\/{rel}","templated":true}]}}