{"id":14458,"date":"2014-03-18T10:04:12","date_gmt":"2014-03-18T10:04:12","guid":{"rendered":"https:\/\/afapac.org\/contacto\/"},"modified":"2024-11-05T18:56:04","modified_gmt":"2024-11-05T18:56:04","slug":"contacte","status":"publish","type":"page","link":"https:\/\/afapac.org\/ca\/contacte\/","title":{"rendered":"Contacte"},"content":{"rendered":"<div class=\"wpb-content-wrapper\"><p>[vc_row type=&#8221;vc_default&#8221; margin_top=&#8221;0&#8243; margin_bottom=&#8221;-35&#8243; css=&#8221;.vc_custom_1529696052056{margin-top: 80px !important;margin-bottom: 30px !important;}&#8221;][vc_column offset=&#8221;vc_col-lg-6 vc_col-md-5 vc_col-xs-12&#8243; css=&#8221;.vc_custom_1529941386437{padding-bottom: 50px !important;}&#8221;]<div id=\"ultimate-heading-511169e71b768bb86\" class=\"uvc-heading ult-adjust-bottom-margin ultimate-heading-511169e71b768bb86 uvc-6144 accent-border-color\" data-hspacer=\"line_only\"  data-halign=\"left\" style=\"text-align:left\"><div class=\"uvc-main-heading ult-responsive\"  data-ultimate-target='.uvc-heading.ultimate-heading-511169e71b768bb86 h2'  data-responsive-json-new='{\"font-size\":\"desktop:26px;\",\"line-height\":\"desktop:36px;\"}' ><h2 style=\"--font-weight:theme;margin-bottom:10px;\">Contacta amb nosaltres<\/h2><\/div><div class=\"uvc-heading-spacer line_only\" style=\"margin-bottom:30px;height:3px;\"><span class=\"uvc-headings-line\" style=\"border-style:solid;border-bottom-width:3px;border-color:#ccc;width:80px;\"><\/span><\/div><\/div><form class=\"dt-contact-form dt-form privacy-form\" method=\"post\"><input type=\"hidden\" name=\"widget_id\" value=\"presscore-contact-form-widget--1\" \/><input type=\"hidden\" name=\"send_message\" value=\"\" \/><input type=\"hidden\" name=\"security_token\" value=\"2394f29a55af9e8d8e9d\"\/><div class=\"form-fields\"><span class=\"form-name\"><label class=\"assistive-text\">Name *<\/label><input type=\"text\" class=\"validate[required]\" placeholder=\"Name *\" name=\"name\" value=\"\" aria-required=\"true\">\n<\/span><span class=\"form-mail\"><label class=\"assistive-text\">E-mail *<\/label><input type=\"text\" class=\"validate[required,custom[email]]\" placeholder=\"E-mail *\" name=\"email\" value=\"\" aria-required=\"true\">\n<\/span><span class=\"form-telephone\"><label class=\"assistive-text\">Telephone<\/label><input type=\"text\" placeholder=\"Telephone\" name=\"telephone\" value=\"\" aria-required=\"false\">\n<\/span><\/div><span class=\"form-message\"><label class=\"assistive-text\">Message *<\/label><textarea class=\"validate[required]\" placeholder=\"Message *\" name=\"message\" rows=\"7\" aria-required=\"true\"><\/textarea>\n<\/span><p class=\"the7-form-terms-wrap\"><input type=\"checkbox\" id=\"the7-form-terms-48653af2e798bc96b6ef0b76d8a02139\" name=\"terms\" class=\"validate[required] the7-form-terms\" aria-required=\"true\" \/>&nbsp;<label for=\"the7-form-terms-48653af2e798bc96b6ef0b76d8a02139\"><span class=\"form-terms-text\">He llegit i accepto la <a href=\"https:\/\/afapac.org\/terminos-y-condiciones\/\" target=\"_blank\" rel=\"noopener\">pol\u00edtica de privacitat<\/a><\/span><\/label><\/p><p><a href=\"#\" class=\"dt-btn dt-btn-m dt-btn-submit\" rel=\"nofollow\"><span>Enviar Missatge<\/span><\/a><input class=\"assistive-text\" type=\"submit\" value=\"submit\"><\/p><\/form>\n[vc_column_text css=&#8221;.vc_custom_1730667670685{padding-bottom: 20px !important;}&#8221;]<\/p>\n<p style=\"text-align: justify; font-size: 12px;\">La comunicaci\u00f3 de les vostres dades ser\u00e0 objecte de tractament per part del Responsable del Tractament <strong>ASSOCIACI\u00d3 DE FAMILIARS I AFECTATS DE PATOLOGIES DE CREIXEMENT \u2013 AFAPAC<\/strong>. Aquesta comunicaci\u00f3 s&#8217;utilitzar\u00e0 exclusivament per tractar les vostres dades per atendre la vostra sol\u00b7licitud, sempre d&#8217;acord amb el Reglament (UE) 2016\/679 de 27 d&#8217;abril de 2016 (RGPD), Llei Org\u00e0nica 3\/2018 de 5 de desembre (LOPDGDD) i la resta de normativa legal vigent en mat\u00e8ria de protecci\u00f3 de dades personals, sobre protecci\u00f3 de dades. Les vostres dades no es comunicaran a tercers, excepte per obligaci\u00f3 legal, i es mantindran mentre no sol\u00b7licite la cancel\u00b7laci\u00f3.<\/p>\n<p style=\"text-align: justify; font-size: 12px;\">En qualsevol moment podeu exercir els drets d&#8217;acc\u00e9s, rectificaci\u00f3, portabilitat i oposici\u00f3, o si escau, a la limitaci\u00f3 i\/o cancel\u00b7laci\u00f3 del tractament, comunicant-ho per escrit, indicant les vostres dades personals a <strong>l&#8217;Hotel d&#8217;Entitats de Gr\u00e0cia C\/ Provid\u00e8ncia 42, despatx 1.3 \u00b7 08024 Barcelona<\/strong> o mitjan\u00e7ant un email a <strong> <a href=\"mailto:info@afapac.org\" target=\"_blank\" rel=\"noopener noreferrer\">info@afapac.org<\/a><\/strong><\/p>\n<p>[\/vc_column_text][\/vc_column][vc_column offset=&#8221;vc_col-lg-6 vc_col-md-7 vc_col-xs-12&#8243; css=&#8221;.vc_custom_1529941383124{padding-bottom: 50px !important;}&#8221;]<div id=\"ultimate-heading-352869e71b768c0a0\" class=\"uvc-heading ult-adjust-bottom-margin ultimate-heading-352869e71b768c0a0 uvc-5924 accent-border-color\" data-hspacer=\"line_only\"  data-halign=\"left\" style=\"text-align:left\"><div class=\"uvc-main-heading ult-responsive\"  data-ultimate-target='.uvc-heading.ultimate-heading-352869e71b768c0a0 h2'  data-responsive-json-new='{\"font-size\":\"desktop:26px;\",\"line-height\":\"desktop:36px;\"}' ><h2 style=\"--font-weight:theme;margin-bottom:10px;\">ADRE\u00c7A<\/h2><\/div><div class=\"uvc-heading-spacer line_only\" style=\"margin-bottom:40px;height:3px;\"><span class=\"uvc-headings-line\" style=\"border-style:solid;border-bottom-width:3px;border-color:#ccc;width:80px;\"><\/span><\/div><\/div><div class='ult_hotspot_container ult-adjust-bottom-margin ult-hotspot-tooltip-wrapper ' style=>  <img class='ult_hotspot_image' src=https:\/\/afapac.org\/wp-content\/uploads\/entitats-gracia.png alt='null'\/>     <div class='utl-hotspot-items ult-hotspot-item'><div class='ult-hotspot-item  ' style='top:-webkit-calc(42.24609375% - 20px);top:-moz-calc(42.24609375% - 20px);top:calc(42.24609375% - 20px);left: -webkit-calc(49.0625% - 20px);left: -moz-calc(49.0625% - 20px);left: calc(49.0625% - 20px);' >  <div style='z-index: 39;position: relative;'>   <a data-link_style='tootip' data-mycust-id=\"hotspot-tooltip-2032\"  data-ultimate-target='#hotspot-tooltip-2032 .ult-tooltipster-content'  data-responsive-json-new='{\"font-size\":\"desktop:16px;\",\"line-height\":\"desktop:20px;\"}' data-tooltip-content-style=\"width:200px;\"data-tooltip-base-style=\"background-color:#20262a;color:#ffffff;text-align:center;\" data-bubble-arrow=\"true\" data-tooltipanimation=\"glow\"data-tooltip-offsety=\"20\" class='ult-tooltipstered ult-hotspot-tooltip' href='#' data-status='show'><div class=\"ult-just-icon-wrapper  \"><div class=\"align-icon\" style=\"text-align:center;\">\n<div class=\"aio-icon  \"  style=\"font-size:40px;display:inline-block;\">\n\t<i class=\"icomoon-fontawesome-16x16-map-pin\"><\/i>\n<\/div><\/div><\/div><span class='hotspot-tooltip-content'>&lt;\/p&gt;\n&lt;p style=&#039;text-align: center;&#039;&gt;&lt;span style=&#039;color: #e43c3b;&#039;&gt;&lt;strong&gt;SEVEN EVENTS&lt;\/strong&gt;&lt;\/span&gt;&lt;br \/&gt;\nWe are here!<\/span>  <\/a> <\/div><!-- ICON WRAP --> <div class='ult-glow' ><\/div><\/div>\n<\/div>     <div style='color:#000;' data-image='    '><\/div><\/div>[vc_column_text css=&#8221;.vc_custom_1730585609967{padding-bottom: 20px !important;}&#8221;]<\/p>\n<p style=\"text-align: center;\"><span style=\"color: #e73935;\"><strong>AFAPAC<\/strong><br \/>\n<\/span>Hotel d\u2019Entitats de Gr\u00e0cia C\/ Provid\u00e8ncia 42, despatx 1.3<\/p>\n<p style=\"text-align: center;\">08024 Barcelona<\/p>\n<p>[\/vc_column_text][vc_column_text css=&#8221;.vc_custom_1730480777614{padding-bottom: 20px !important;}&#8221;]<\/p>\n<p style=\"text-align: center;\"><span style=\"color: #e73935;\"><strong>TEL\u00c8FON<\/strong><br \/>\n<\/span>+34 615 696 100<br \/>\nAtenci\u00f3 al p\u00fablic: 10:00-20:00[\/vc_column_text][vc_column_text css=&#8221;.vc_custom_1730480800485{padding-bottom: 0px !important;}&#8221;]<\/p>\n<p style=\"text-align: center;\"><span style=\"color: #e73935;\"><strong>CORREU ELECTR\u00d2NIC<\/strong><br \/>\n<\/span><a href=\"mailto:info@afapac.org\" target=\"_blank\" rel=\"noopener\">info@afapac.org<\/a>[\/vc_column_text][\/vc_column][\/vc_row]<\/p>\n<\/div>","protected":false},"excerpt":{"rendered":"<p>[vc_row type=&#8221;vc_default&#8221; margin_top=&#8221;0&#8243; margin_bottom=&#8221;-35&#8243; css=&#8221;.vc_custom_1529696052056{margin-top: 80px !important;margin-bottom: 30px !important;}&#8221;][vc_column offset=&#8221;vc_col-lg-6 vc_col-md-5 vc_col-xs-12&#8243; css=&#8221;.vc_custom_1529941386437{padding-bottom: 50px !important;}&#8221;][vc_column_text css=&#8221;.vc_custom_1730667670685{padding-bottom: 20px !important;}&#8221;] La comunicaci\u00f3 de les vostres dades ser\u00e0 objecte de tractament per part&hellip;<\/p>\n","protected":false},"author":1,"featured_media":0,"parent":0,"menu_order":60,"comment_status":"closed","ping_status":"closed","template":"","meta":{"footnotes":""},"class_list":["post-14458","page","type-page","status-publish","hentry","description-off"],"_links":{"self":[{"href":"https:\/\/afapac.org\/ca\/wp-json\/wp\/v2\/pages\/14458","targetHints":{"allow":["GET"]}}],"collection":[{"href":"https:\/\/afapac.org\/ca\/wp-json\/wp\/v2\/pages"}],"about":[{"href":"https:\/\/afapac.org\/ca\/wp-json\/wp\/v2\/types\/page"}],"author":[{"embeddable":true,"href":"https:\/\/afapac.org\/ca\/wp-json\/wp\/v2\/users\/1"}],"replies":[{"embeddable":true,"href":"https:\/\/afapac.org\/ca\/wp-json\/wp\/v2\/comments?post=14458"}],"version-history":[{"count":9,"href":"https:\/\/afapac.org\/ca\/wp-json\/wp\/v2\/pages\/14458\/revisions"}],"predecessor-version":[{"id":14909,"href":"https:\/\/afapac.org\/ca\/wp-json\/wp\/v2\/pages\/14458\/revisions\/14909"}],"wp:attachment":[{"href":"https:\/\/afapac.org\/ca\/wp-json\/wp\/v2\/media?parent=14458"}],"curies":[{"name":"wp","href":"https:\/\/api.w.org\/{rel}","templated":true}]}}